{"id":2291,"date":"2025-06-04T15:06:03","date_gmt":"2025-06-04T19:06:03","guid":{"rendered":"http:\/\/52.179.181.88:8081\/transparencia\/?page_id=2291"},"modified":"2025-06-04T15:08:54","modified_gmt":"2025-06-04T19:08:54","slug":"registrarse-proveedor","status":"publish","type":"page","link":"http:\/\/transp.eted.gov.do\/transparencia\/registrarse-proveedor\/","title":{"rendered":"C\u00f3mo registrarse como proveedor del estado"},"content":{"rendered":"\t\t<div data-elementor-type=\"wp-page\" data-elementor-id=\"2291\" class=\"elementor elementor-2291\" data-elementor-post-type=\"page\">\n\t\t\t\t<div data-particle_enable=\"false\" data-particle-mobile-disabled=\"false\" class=\"elementor-element elementor-element-952a73e e-flex e-con-boxed e-con e-parent\" data-id=\"952a73e\" data-element_type=\"container\">\n\t\t\t\t\t<div class=\"e-con-inner\">\n\t\t\t\t<div class=\"elementor-element elementor-element-2d99c5f elementor-widget elementor-widget-text-editor\" data-id=\"2d99c5f\" data-element_type=\"widget\" data-widget_type=\"text-editor.default\">\n\t\t\t\t<div class=\"elementor-widget-container\">\n\t\t\t\t\t\t\t\t\t<p>os proveedores interesados en ofrecer bienes y servicios a la Empresa de Transmisi\u00f3n El\u00e9ctrica Dominicana deben cumplir con los siguientes requisitos:<\/p><p>\u00a0<\/p><p>1. Contar con el Registro de Proveedores del Estado (RPE), seg\u00fan lo establecido en el portal\u00a0<a href=\"https:\/\/www.dgcp.gob.do\/servicios\/registro-de-proveedores\/\">https:\/\/www.dgcp.gob.do\/servicios\/registro-de-proveedores\/<\/a><\/p><p>\u00a0<\/p><p>2.Estar al d\u00eda en el pago de sus obligaciones fiscales.<\/p><p>\u00a0<\/p><p>3.Depositar en el Departamento de Compras* un Portafolio de Negocios que incluya:<\/p><p>\u00a0<\/p><ul><li>Descripci\u00f3n de la empresa<\/li><li>Bienes y servicios ofrecidos<\/li><li>Servicios de valor a\u00f1adido<\/li><li>Experiencia en el mercado<\/li><li>Referencias comerciales<\/li><li>T\u00e9rminos de pago<\/li><li>T\u00e9rminos de entrega<\/li><\/ul><p>\u00a0<\/p><p>4. Participar de los procesos de las compras y contrataciones publicados a trav\u00e9s de este portal y la Direcci\u00f3n General de Contrataciones P\u00fablicas\u00a0<a href=\"https:\/\/www.dgcp.gob.do\/servicios\/registro-de-proveedores\/\">https:\/\/www.dgcp.gob.do\/servicios\/registro-de-proveedores\/<\/a>\u00a0y en el portal de nuestra instituci\u00f3n en la secci\u00f3n de transparencia.<\/p>\t\t\t\t\t\t\t\t<\/div>\n\t\t\t\t<\/div>\n\t\t\t\t\t<\/div>\n\t\t\t\t<\/div>\n\t\t\t\t<\/div>\n\t\t","protected":false},"excerpt":{"rendered":"<p>os proveedores interesados en ofrecer bienes y servicios a la Empresa de Transmisi\u00f3n El\u00e9ctrica Dominicana deben cumplir con los siguientes requisitos: \u00a0 1. Contar con el Registro de Proveedores del Estado (RPE), seg\u00fan lo establecido en el portal\u00a0https:\/\/www.dgcp.gob.do\/servicios\/registro-de-proveedores\/ \u00a0 2.Estar al d\u00eda en el pago de sus obligaciones fiscales. \u00a0 3.Depositar en el Departamento de [&hellip;]<\/p>\n","protected":false},"author":1,"featured_media":0,"parent":0,"menu_order":0,"comment_status":"closed","ping_status":"closed","template":"","meta":{"site-sidebar-layout":"no-sidebar","site-content-layout":"page-builder","ast-site-content-layout":"full-width-container","site-content-style":"default","site-sidebar-style":"default","ast-global-header-display":"","ast-banner-title-visibility":"","ast-main-header-display":"","ast-hfb-above-header-display":"","ast-hfb-below-header-display":"","ast-hfb-mobile-header-display":"","site-post-title":"disabled","ast-breadcrumbs-content":"","ast-featured-img":"disabled","footer-sml-layout":"","theme-transparent-header-meta":"","adv-header-id-meta":"","stick-header-meta":"","header-above-stick-meta":"","header-main-stick-meta":"","header-below-stick-meta":"","astra-migrate-meta-layouts":"set","ast-page-background-enabled":"default","ast-page-background-meta":{"desktop":{"background-color":"var(--ast-global-color-4)","background-image":"","background-repeat":"repeat","background-position":"center center","background-size":"auto","background-attachment":"scroll","background-type":"","background-media":"","overlay-type":"","overlay-color":"","overlay-opacity":"","overlay-gradient":""},"tablet":{"background-color":"","background-image":"","background-repeat":"repeat","background-position":"center center","background-size":"auto","background-attachment":"scroll","background-type":"","background-media":"","overlay-type":"","overlay-color":"","overlay-opacity":"","overlay-gradient":""},"mobile":{"background-color":"","background-image":"","background-repeat":"repeat","background-position":"center center","background-size":"auto","background-attachment":"scroll","background-type":"","background-media":"","overlay-type":"","overlay-color":"","overlay-opacity":"","overlay-gradient":""}},"ast-content-background-meta":{"desktop":{"background-color":"var(--ast-global-color-5)","background-image":"","background-repeat":"repeat","background-position":"center center","background-size":"auto","background-attachment":"scroll","background-type":"","background-media":"","overlay-type":"","overlay-color":"","overlay-opacity":"","overlay-gradient":""},"tablet":{"background-color":"var(--ast-global-color-5)","background-image":"","background-repeat":"repeat","background-position":"center center","background-size":"auto","background-attachment":"scroll","background-type":"","background-media":"","overlay-type":"","overlay-color":"","overlay-opacity":"","overlay-gradient":""},"mobile":{"background-color":"var(--ast-global-color-5)","background-image":"","background-repeat":"repeat","background-position":"center center","background-size":"auto","background-attachment":"scroll","background-type":"","background-media":"","overlay-type":"","overlay-color":"","overlay-opacity":"","overlay-gradient":""}},"footnotes":""},"class_list":["post-2291","page","type-page","status-publish","hentry"],"_links":{"self":[{"href":"http:\/\/transp.eted.gov.do\/transparencia\/wp-json\/wp\/v2\/pages\/2291","targetHints":{"allow":["GET"]}}],"collection":[{"href":"http:\/\/transp.eted.gov.do\/transparencia\/wp-json\/wp\/v2\/pages"}],"about":[{"href":"http:\/\/transp.eted.gov.do\/transparencia\/wp-json\/wp\/v2\/types\/page"}],"author":[{"embeddable":true,"href":"http:\/\/transp.eted.gov.do\/transparencia\/wp-json\/wp\/v2\/users\/1"}],"replies":[{"embeddable":true,"href":"http:\/\/transp.eted.gov.do\/transparencia\/wp-json\/wp\/v2\/comments?post=2291"}],"version-history":[{"count":0,"href":"http:\/\/transp.eted.gov.do\/transparencia\/wp-json\/wp\/v2\/pages\/2291\/revisions"}],"wp:attachment":[{"href":"http:\/\/transp.eted.gov.do\/transparencia\/wp-json\/wp\/v2\/media?parent=2291"}],"curies":[{"name":"wp","href":"https:\/\/api.w.org\/{rel}","templated":true}]}}