{"id":1914,"date":"2025-01-20T10:54:21","date_gmt":"2025-01-20T14:54:21","guid":{"rendered":"http:\/\/52.197.181.88:8081\/transparencia\/?page_id=1914"},"modified":"2025-09-12T10:14:25","modified_gmt":"2025-09-12T14:14:25","slug":"libre-acceso-estructura","status":"publish","type":"page","link":"http:\/\/transp.eted.gov.do\/transparencia\/libre-acceso-estructura\/","title":{"rendered":"Estructura organizacional de la Oficina de Libre Acceso a la Informacion Publica OAI"},"content":{"rendered":"\t\t<div data-elementor-type=\"wp-page\" data-elementor-id=\"1914\" class=\"elementor elementor-1914\" data-elementor-post-type=\"page\">\n\t\t\t\t<div data-particle_enable=\"false\" data-particle-mobile-disabled=\"false\" class=\"elementor-element elementor-element-c9faa1f e-flex e-con-boxed e-con e-parent\" data-id=\"c9faa1f\" data-element_type=\"container\">\n\t\t\t\t\t<div class=\"e-con-inner\">\n\t\t<div data-particle_enable=\"false\" data-particle-mobile-disabled=\"false\" class=\"elementor-element elementor-element-379a731 e-con-full e-flex e-con e-child\" data-id=\"379a731\" data-element_type=\"container\">\n\t\t\t\t<div class=\"elementor-element elementor-element-3bad436 elementor-widget elementor-widget-html\" data-id=\"3bad436\" data-element_type=\"widget\" data-widget_type=\"html.default\">\n\t\t\t\t<div class=\"elementor-widget-container\">\n\t\t\t\t\t<iframe\r\n  id=\"inlineFrameExample\"\r\n  title=\"Inline Frame Example\"\r\n  width=\"300\"\r\n  height=\"1200\"\r\n  src=\"https:\/\/eted.gob.do\/pdf\/oai\/web\/viewer.html\">\r\n<\/iframe>\t\t\t\t<\/div>\n\t\t\t\t<\/div>\n\t\t\t\t<\/div>\n\t\t\t\t<div class=\"elementor-element elementor-element-eb872d9 elementor-widget elementor-widget-wpfd_choose_category\" data-id=\"eb872d9\" data-element_type=\"widget\" data-widget_type=\"wpfd_choose_category.default\">\n\t\t\t\t<div class=\"elementor-widget-container\">\n\t\t\t\t\t<div id=\"wpfd-elementor-category\" class=\"wpfd-elementor-category\"><script type=\"text\/x-handlebars-template\"        id=\"wpfd-template-table-categories-28\">    <div class=\"wpfd-categories \">{{#if category}}{{#with category}}<h2>{{name}}<\/h2>{{#if parent}}<a class=\"catlink backcategory\" href=\"#\" data-idcat=\"{{parent}}\">                        <i class=\"zmdi zmdi-chevron-left\"><\/i><span>Volver<\/span><\/a>{{\/if}}{{\/with}}{{\/if}}{{#if category.desc}}<div class=\"wpfd-category-desc\">{{category.desc}}<\/div>{{\/if}}{{#if categories}}{{#each categories}}<a class=\"wpfdcategory catlink \" style=\"margin : 10px 10px 10px 10px;\" href=\"#\" data-idcat=\"{{termID}}\" title=\"{{name}}\">                                <span>{{name}}<\/span><i class=\"zmdi zmdi-folder wpfd-folder\" style=\"color: {{color}}\"><\/i>                            <\/a>{{\/each}}{{\/if}}<div class=\"wpfdcategory_placeholder\" style=\"margin : 0 10px 0 10px;\"><\/div><div class=\"wpfdcategory_placeholder\" style=\"margin : 0 10px 0 10px;\"><\/div><div class=\"wpfdcategory_placeholder\" style=\"margin : 0 10px 0 10px;\"><\/div><\/div><\/script><script type=\"text\/x-handlebars-template\" id=\"wpfd-template-table-28\">    {{#if files}}    {{#each files}}    <tr class=\"file {{class}} {{ext}}\" data-id=\"{{ID}}\" data-catid=\"{{catid}}\">        <input type=\"hidden\" class=\"wpfd_file_preview_link_download\" value=\"{{linkdownload}}\" data-filetitle=\"{{post_title}}\" data-fileicons=\"ext ext-{{ext}} wpfd-icon-set-svg\" \/>    <td class=\"file_title\"><a class=\"wpfd_downloadlink\" href=\"{{linkdownload}}\"  title=\"{{post_title}}\" target=\"{{#if remote_file}}_blank{{\/if}}\"><span class=\"extcol\">{{#if file_custom_icon}}<span class=\"icon-custom\"><img decoding=\"async\" src=\"{{file_custom_icon}}\"><\/span>{{else}}<span class=\"ext ext-{{ext}} wpfd-icon-set-svg\"><\/span>{{\/if}}<\/span><span class=\"wpfd-file-crop-title\">{{{crop_title}}}<\/span><\/a><\/td><td class=\"file_desc\">{{{description}}}<\/td><td class=\"file_version\">{{versionNumber}}<\/td><td class=\"file_size\">{{bytesToSize size}}<\/td><td class=\"file_hits\">{{hits}}<\/td><td class=\"file_created\">{{created}}<\/td>                    <td class=\"col-download\">                <a class=\"downloadlink wpfd_downloadlink\"  href=\"{{linkdownload}}\"  style=\"background-color:#76bc58;color:#ffffff;\" target=\"{{#if remote_file}}_blank{{\/if}}\">Descargar<i class=\"zmdi zmdi-cloud-download wpfd-download\"><\/i><\/a>{{#if openpdflink}}<a class=\"openlink wpfdlightbox wpfd_previewlink\" href=\"{{openpdflink}}\"  target=\"\">Preview                            <i class=\"zmdi zmdi-filter-center-focus wpfd-preview\"><\/i>                        <\/a>{{else}}{{#if viewerlink}}<a                            href=\"{{viewerlink}}\"                                                        class=\"openlink wpfdlightbox wpfd_previewlink\"                            target=\"\"                            data-id=\"{{ID}}\"                            data-catid=\"{{catid}}\"                            data-file-type=\"{{ext}}\">Preview<i class=\"zmdi zmdi-filter-center-focus wpfd-preview\"><\/i>                        <\/a>{{\/if}}{{\/if}}            <\/td>            <\/tr>    {{\/each}}    {{\/if}}<\/script><div class=\"wpfd-content wpfd-content-table wpfd-content-multi colstyle\" data-category=\"28\"              style=\"background-color: transparent;\"><input type=\"hidden\" id=\"current_category_28\" value=\"28\" \/>                    <input type=\"hidden\" id=\"current_category_slug_28\" value=\"estructura-organizacional-de-la-oficina-de-libre-acceso-a-la-informacion-publica-oai\" \/>                    <input type=\"hidden\" id=\"current_ordering_28\" value=\"ordering\" \/>                    <input type=\"hidden\" id=\"current_ordering_direction_28\" value=\"asc\" \/>                    <input type=\"hidden\" id=\"page_limit_28\" value=\"20\" \/><input type=\"hidden\" id=\"wpfd_display_empty_category_message\" value=\"0\" \/><input type=\"hidden\" id=\"wpfd_empty_category_message_val\" value=\"Durante este mes no se realiz\u00f3 ning\u00fan proceso bajo esta modalidad.\" \/><input type=\"hidden\" id=\"wpfd_display_empty_folder\" value=\"1\" \/><input type=\"hidden\" id=\"wpfd_is_empty_subcategories\" value=\"1\" \/><input type=\"hidden\" id=\"wpfd_is_empty_files\" value=\"1\" \/><input type=\"hidden\" id=\"wpfd_root_category_id\" class=\"wpfd_root_category_id\" value=\"28\" \/><input type=\"hidden\" id=\"wpfd_root_category_theme\" class=\"wpfd_root_category_theme\" value=\"table\" \/><input type=\"hidden\" id=\"wpfd_root_category_clone_theme_type\" class=\"wpfd_root_category_clone_theme_type\" value=\"none\" \/><input type=\"hidden\" id=\"wpfd_root_category_type\" class=\"wpfd_root_category_type\" value=\"28\" \/><ul class=\"breadcrumbs wpfd-breadcrumbs-table head-category-table\">                            <li class=\"active\">Estructura organizacional de la Oficina de Libre Acceso a la Informacion Publica OAI<\/li>                        <\/ul><div class=\"wpfd-container show_category_title show_breadcrumb show_subcategories\">        <div class=\"wpfd-open-tree\"><\/div>    <div class=\"wpfd-container-table  \">        <div class=\"wpfd-categories \"><h2 class=\"wpfd-category-theme-title\">Estructura organizacional de la Oficina de Libre Acceso a la Informacion Publica OAI<\/h2><div class=\"wpfd-category-desc\"><\/div><\/div>        <table class=\"wpfd-search-result wpfd-table wpfd-table-bordered wpfd-table-striped wpfd-table-0 mediaTable wpfd-theme-rows\">            <thead>                <tr>                    <th class=\"essential persist file_title\">T\u00edtulo<\/th><th class=\"optional file_desc\">Descripci\u00f3n<\/th><th class=\"optional file_version\">Versi\u00f3n<\/th><th class=\"optional file_size\">Tama\u00f1o<\/th><th class=\"optional file_hits\">Visto<\/th><th class=\"optional file_created\">Agregado<\/th><th class=\"essential file_download file_download_tbl\">Descargar<\/th>                <\/tr>            <\/thead>            <tbody>                                            <tr class=\"file pdf\" data-id=\"2750\"                    data-catid=\"28\">                                        <input type=\"hidden\" class=\"wpfd_file_preview_link_download\" value=\"http:\/\/transp.eted.gov.do\/transparencia\/download\/28\/estructura-organizacional-de-la-oficina-de-libre-acceso-a-la-informacion-publica-oai\/2750\/estructura-organica-de-la-oai-aprobacion-map.pdf\"                           data-filetitle=\"ESTRUCTURA ORGANICA DE LA OAI APROBACION MAP\" data-fileicons=\"ext ext-pdf wpfd-icon-set-svg\" \/>                    <td class=\"file_title\"><a class=\"wpfd_downloadlink\" href=\"http:\/\/transp.eted.gov.do\/transparencia\/download\/28\/estructura-organizacional-de-la-oficina-de-libre-acceso-a-la-informacion-publica-oai\/2750\/estructura-organica-de-la-oai-aprobacion-map.pdf\"  title=\"ESTRUCTURA ORGANICA DE LA OAI APROBACION MAP\" target=\"\"><span class=\"extcol\"><span class=\"ext ext-pdf wpfd-icon-set-svg\"><\/span><\/span><span class=\"wpfd-file-crop-title\">ESTRUCTURA ORGANICA DE LA OAI APROBACION MAP<\/span><\/a><\/td><td class=\"file_desc\"><\/td><td class=\"file_version\"><\/td><td class=\"file_size\">251.69 KB<\/td><td class=\"file_hits\">220<\/td><td class=\"file_created\">09-06-2025<\/td>                                            <td class=\"file_download_tbl col-download\">                            <a class=\"downloadlink wpfd_downloadlink\"  href=\"http:\/\/transp.eted.gov.do\/transparencia\/download\/28\/estructura-organizacional-de-la-oficina-de-libre-acceso-a-la-informacion-publica-oai\/2750\/estructura-organica-de-la-oai-aprobacion-map.pdf\"  style=\"background-color:#76bc58;color:#ffffff;\" target=\"\">Descargar<i class=\"zmdi zmdi-cloud-download wpfd-download\"><\/i><\/a><a class=\"openlink wpfdlightbox wpfd_previewlink\" href=\"http:\/\/transp.eted.gov.do\/transparencia\/wp-admin\/admin-ajax.php?juwpfisadmin=false&#038;action=wpfd&#038;task=file.download&#038;wpfd_category_id=28&#038;wpfd_file_id=2750&#038;token=&#038;preview=1\"  target=\"\">Preview                            <i class=\"zmdi zmdi-filter-center-focus wpfd-preview\"><\/i>                        <\/a>                        <\/td>                                    <\/tr>                                                            <tr class=\"file pdf\" data-id=\"2752\"                    data-catid=\"28\">                                        <input type=\"hidden\" class=\"wpfd_file_preview_link_download\" value=\"http:\/\/transp.eted.gov.do\/transparencia\/download\/28\/estructura-organizacional-de-la-oficina-de-libre-acceso-a-la-informacion-publica-oai\/2752\/certificado-map-2.pdf\"                           data-filetitle=\"CERTIFICADO MAP\" data-fileicons=\"ext ext-pdf wpfd-icon-set-svg\" \/>                    <td class=\"file_title\"><a class=\"wpfd_downloadlink\" href=\"http:\/\/transp.eted.gov.do\/transparencia\/download\/28\/estructura-organizacional-de-la-oficina-de-libre-acceso-a-la-informacion-publica-oai\/2752\/certificado-map-2.pdf\"  title=\"CERTIFICADO MAP\" target=\"\"><span class=\"extcol\"><span class=\"ext ext-pdf wpfd-icon-set-svg\"><\/span><\/span><span class=\"wpfd-file-crop-title\">CERTIFICADO MAP<\/span><\/a><\/td><td class=\"file_desc\"><\/td><td class=\"file_version\"><\/td><td class=\"file_size\">2.32 MB<\/td><td class=\"file_hits\">231<\/td><td class=\"file_created\">09-06-2025<\/td>                                            <td class=\"file_download_tbl col-download\">                            <a class=\"downloadlink wpfd_downloadlink\"  href=\"http:\/\/transp.eted.gov.do\/transparencia\/download\/28\/estructura-organizacional-de-la-oficina-de-libre-acceso-a-la-informacion-publica-oai\/2752\/certificado-map-2.pdf\"  style=\"background-color:#76bc58;color:#ffffff;\" target=\"\">Descargar<i class=\"zmdi zmdi-cloud-download wpfd-download\"><\/i><\/a><a class=\"openlink wpfdlightbox wpfd_previewlink\" href=\"http:\/\/transp.eted.gov.do\/transparencia\/wp-admin\/admin-ajax.php?juwpfisadmin=false&#038;action=wpfd&#038;task=file.download&#038;wpfd_category_id=28&#038;wpfd_file_id=2752&#038;token=&#038;preview=1\"  target=\"\">Preview                            <i class=\"zmdi zmdi-filter-center-focus wpfd-preview\"><\/i>                        <\/a>                        <\/td>                                    <\/tr>                                                            <tr class=\"file pdf\" data-id=\"42530\"                    data-catid=\"28\">                                        <input type=\"hidden\" class=\"wpfd_file_preview_link_download\" value=\"http:\/\/transp.eted.gov.do\/transparencia\/download\/28\/estructura-organizacional-de-la-oficina-de-libre-acceso-a-la-informacion-publica-oai\/42530\/estructura-organizacional-de-la-oai-actualizada.pdf\"                           data-filetitle=\"ESTRUCTURA-ORGANIZACIONAL-DE-LA-OAI ACTUALIZADA\" data-fileicons=\"ext ext-pdf wpfd-icon-set-svg\" \/>                    <td class=\"file_title\"><a class=\"wpfd_downloadlink\" href=\"http:\/\/transp.eted.gov.do\/transparencia\/download\/28\/estructura-organizacional-de-la-oficina-de-libre-acceso-a-la-informacion-publica-oai\/42530\/estructura-organizacional-de-la-oai-actualizada.pdf\"  title=\"ESTRUCTURA-ORGANIZACIONAL-DE-LA-OAI ACTUALIZADA\" target=\"\"><span class=\"extcol\"><span class=\"ext ext-pdf wpfd-icon-set-svg\"><\/span><\/span><span class=\"wpfd-file-crop-title\">ESTRUCTURA-ORGANIZACIONAL-DE-LA-OAI ACTUALIZADA<\/span><\/a><\/td><td class=\"file_desc\"><\/td><td class=\"file_version\"><\/td><td class=\"file_size\">459.32 KB<\/td><td class=\"file_hits\">139<\/td><td class=\"file_created\">31-10-2025<\/td>                                            <td class=\"file_download_tbl col-download\">                            <a class=\"downloadlink wpfd_downloadlink\"  href=\"http:\/\/transp.eted.gov.do\/transparencia\/download\/28\/estructura-organizacional-de-la-oficina-de-libre-acceso-a-la-informacion-publica-oai\/42530\/estructura-organizacional-de-la-oai-actualizada.pdf\"  style=\"background-color:#76bc58;color:#ffffff;\" target=\"\">Descargar<i class=\"zmdi zmdi-cloud-download wpfd-download\"><\/i><\/a><a class=\"openlink wpfdlightbox wpfd_previewlink\" href=\"http:\/\/transp.eted.gov.do\/transparencia\/wp-admin\/admin-ajax.php?juwpfisadmin=false&#038;action=wpfd&#038;task=file.download&#038;wpfd_category_id=28&#038;wpfd_file_id=42530&#038;token=&#038;preview=1\"  target=\"\">Preview                            <i class=\"zmdi zmdi-filter-center-focus wpfd-preview\"><\/i>                        <\/a>                        <\/td>                                    <\/tr>                                        <\/tbody>        <\/table>            <\/div><\/div><\/div><\/div>\t\t\t\t<\/div>\n\t\t\t\t<\/div>\n\t\t\t\t\t<\/div>\n\t\t\t\t<\/div>\n\t\t\t\t<\/div>\n\t\t","protected":false},"excerpt":{"rendered":"<p>Estructura organizacional de la Oficina de Libre Acceso a la Informacion Publica OAI Estructura organizacional de la Oficina de Libre Acceso a la Informacion Publica OAI T\u00edtulo Descripci\u00f3n Versi\u00f3n Tama\u00f1o Visto Agregado Descargar CERTIFICADO MAP 2.32 MB 22 09-06-2025 DescargarPreview ESTRUCTURA ORGANIZACIONAL DE LA OAI 1.65 MB 22 09-06-2025 DescargarPreview ESTRUCTURA ORGANICA DE LA OAI [&hellip;]<\/p>\n","protected":false},"author":1,"featured_media":0,"parent":0,"menu_order":0,"comment_status":"closed","ping_status":"closed","template":"","meta":{"site-sidebar-layout":"no-sidebar","site-content-layout":"page-builder","ast-site-content-layout":"full-width-container","site-content-style":"default","site-sidebar-style":"default","ast-global-header-display":"","ast-banner-title-visibility":"","ast-main-header-display":"","ast-hfb-above-header-display":"","ast-hfb-below-header-display":"","ast-hfb-mobile-header-display":"","site-post-title":"disabled","ast-breadcrumbs-content":"","ast-featured-img":"disabled","footer-sml-layout":"","theme-transparent-header-meta":"","adv-header-id-meta":"","stick-header-meta":"","header-above-stick-meta":"","header-main-stick-meta":"","header-below-stick-meta":"","astra-migrate-meta-layouts":"set","ast-page-background-enabled":"default","ast-page-background-meta":{"desktop":{"background-color":"var(--ast-global-color-4)","background-image":"","background-repeat":"repeat","background-position":"center center","background-size":"auto","background-attachment":"scroll","background-type":"","background-media":"","overlay-type":"","overlay-color":"","overlay-opacity":"","overlay-gradient":""},"tablet":{"background-color":"","background-image":"","background-repeat":"repeat","background-position":"center center","background-size":"auto","background-attachment":"scroll","background-type":"","background-media":"","overlay-type":"","overlay-color":"","overlay-opacity":"","overlay-gradient":""},"mobile":{"background-color":"","background-image":"","background-repeat":"repeat","background-position":"center center","background-size":"auto","background-attachment":"scroll","background-type":"","background-media":"","overlay-type":"","overlay-color":"","overlay-opacity":"","overlay-gradient":""}},"ast-content-background-meta":{"desktop":{"background-color":"var(--ast-global-color-5)","background-image":"","background-repeat":"repeat","background-position":"center center","background-size":"auto","background-attachment":"scroll","background-type":"","background-media":"","overlay-type":"","overlay-color":"","overlay-opacity":"","overlay-gradient":""},"tablet":{"background-color":"var(--ast-global-color-5)","background-image":"","background-repeat":"repeat","background-position":"center center","background-size":"auto","background-attachment":"scroll","background-type":"","background-media":"","overlay-type":"","overlay-color":"","overlay-opacity":"","overlay-gradient":""},"mobile":{"background-color":"var(--ast-global-color-5)","background-image":"","background-repeat":"repeat","background-position":"center center","background-size":"auto","background-attachment":"scroll","background-type":"","background-media":"","overlay-type":"","overlay-color":"","overlay-opacity":"","overlay-gradient":""}},"footnotes":""},"class_list":["post-1914","page","type-page","status-publish","hentry"],"_links":{"self":[{"href":"http:\/\/transp.eted.gov.do\/transparencia\/wp-json\/wp\/v2\/pages\/1914","targetHints":{"allow":["GET"]}}],"collection":[{"href":"http:\/\/transp.eted.gov.do\/transparencia\/wp-json\/wp\/v2\/pages"}],"about":[{"href":"http:\/\/transp.eted.gov.do\/transparencia\/wp-json\/wp\/v2\/types\/page"}],"author":[{"embeddable":true,"href":"http:\/\/transp.eted.gov.do\/transparencia\/wp-json\/wp\/v2\/users\/1"}],"replies":[{"embeddable":true,"href":"http:\/\/transp.eted.gov.do\/transparencia\/wp-json\/wp\/v2\/comments?post=1914"}],"version-history":[{"count":3,"href":"http:\/\/transp.eted.gov.do\/transparencia\/wp-json\/wp\/v2\/pages\/1914\/revisions"}],"predecessor-version":[{"id":12141,"href":"http:\/\/transp.eted.gov.do\/transparencia\/wp-json\/wp\/v2\/pages\/1914\/revisions\/12141"}],"wp:attachment":[{"href":"http:\/\/transp.eted.gov.do\/transparencia\/wp-json\/wp\/v2\/media?parent=1914"}],"curies":[{"name":"wp","href":"https:\/\/api.w.org\/{rel}","templated":true}]}}