{"id":1728,"date":"2025-01-15T09:56:45","date_gmt":"2025-01-15T13:56:45","guid":{"rendered":"http:\/\/52.197.181.88:8081\/transparencia\/?page_id=1728"},"modified":"2025-09-10T11:31:31","modified_gmt":"2025-09-10T15:31:31","slug":"plan-estrategico","status":"publish","type":"page","link":"http:\/\/transp.eted.gov.do\/transparencia\/plan-estrategico\/","title":{"rendered":"PLAN ESTRAT\u00c9GICO DE LA INSTITUCI\u00d3N"},"content":{"rendered":"\t\t<div data-elementor-type=\"wp-page\" data-elementor-id=\"1728\" class=\"elementor elementor-1728\" data-elementor-post-type=\"page\">\n\t\t\t\t<div data-particle_enable=\"false\" data-particle-mobile-disabled=\"false\" class=\"elementor-element elementor-element-b1ff414 e-flex e-con-boxed e-con e-parent\" data-id=\"b1ff414\" data-element_type=\"container\">\n\t\t\t\t\t<div class=\"e-con-inner\">\n\t\t\t\t<div class=\"elementor-element elementor-element-1a1c38b elementor-widget elementor-widget-wpfd_choose_category\" data-id=\"1a1c38b\" data-element_type=\"widget\" data-widget_type=\"wpfd_choose_category.default\">\n\t\t\t\t<div class=\"elementor-widget-container\">\n\t\t\t\t\t<div id=\"wpfd-elementor-category\" class=\"wpfd-elementor-category\"><script type=\"text\/x-handlebars-template\"        id=\"wpfd-template-table-categories-35\">    <div class=\"wpfd-categories \">{{#if category}}{{#with category}}<h2>{{name}}<\/h2>{{#if parent}}<a class=\"catlink backcategory\" href=\"#\" data-idcat=\"{{parent}}\">                        <i class=\"zmdi zmdi-chevron-left\"><\/i><span>Volver<\/span><\/a>{{\/if}}{{\/with}}{{\/if}}{{#if category.desc}}<div class=\"wpfd-category-desc\">{{category.desc}}<\/div>{{\/if}}{{#if categories}}{{#each categories}}<a class=\"wpfdcategory catlink \" style=\"margin : 10px 10px 10px 10px;\" href=\"#\" data-idcat=\"{{termID}}\" title=\"{{name}}\">                                <span>{{name}}<\/span><i class=\"zmdi zmdi-folder wpfd-folder\" style=\"color: {{color}}\"><\/i>                            <\/a>{{\/each}}{{\/if}}<div class=\"wpfdcategory_placeholder\" style=\"margin : 0 10px 0 10px;\"><\/div><div class=\"wpfdcategory_placeholder\" style=\"margin : 0 10px 0 10px;\"><\/div><div class=\"wpfdcategory_placeholder\" style=\"margin : 0 10px 0 10px;\"><\/div><\/div><\/script><script type=\"text\/x-handlebars-template\" id=\"wpfd-template-table-35\">    {{#if files}}    {{#each files}}    <tr class=\"file {{class}} {{ext}}\" data-id=\"{{ID}}\" data-catid=\"{{catid}}\">        <input type=\"hidden\" class=\"wpfd_file_preview_link_download\" value=\"{{linkdownload}}\" data-filetitle=\"{{post_title}}\" data-fileicons=\"ext ext-{{ext}} wpfd-icon-set-svg\" \/>    <td class=\"file_title\"><a class=\"wpfd_downloadlink\" href=\"{{linkdownload}}\"  title=\"{{post_title}}\" target=\"{{#if remote_file}}_blank{{\/if}}\"><span class=\"extcol\">{{#if file_custom_icon}}<span class=\"icon-custom\"><img decoding=\"async\" src=\"{{file_custom_icon}}\"><\/span>{{else}}<span class=\"ext ext-{{ext}} wpfd-icon-set-svg\"><\/span>{{\/if}}<\/span><span class=\"wpfd-file-crop-title\">{{{crop_title}}}<\/span><\/a><\/td><td class=\"file_desc\">{{{description}}}<\/td><td class=\"file_version\">{{versionNumber}}<\/td><td class=\"file_size\">{{bytesToSize size}}<\/td><td class=\"file_hits\">{{hits}}<\/td><td class=\"file_created\">{{created}}<\/td>                    <td class=\"col-download\">                <a class=\"downloadlink wpfd_downloadlink\"  href=\"{{linkdownload}}\"  style=\"background-color:#76bc58;color:#ffffff;\" target=\"{{#if remote_file}}_blank{{\/if}}\">Descargar<i class=\"zmdi zmdi-cloud-download wpfd-download\"><\/i><\/a>{{#if openpdflink}}<a class=\"openlink wpfdlightbox wpfd_previewlink\" href=\"{{openpdflink}}\"  target=\"\">Preview                            <i class=\"zmdi zmdi-filter-center-focus wpfd-preview\"><\/i>                        <\/a>{{else}}{{#if viewerlink}}<a                            href=\"{{viewerlink}}\"                                                        class=\"openlink wpfdlightbox wpfd_previewlink\"                            target=\"\"                            data-id=\"{{ID}}\"                            data-catid=\"{{catid}}\"                            data-file-type=\"{{ext}}\">Preview<i class=\"zmdi zmdi-filter-center-focus wpfd-preview\"><\/i>                        <\/a>{{\/if}}{{\/if}}            <\/td>            <\/tr>    {{\/each}}    {{\/if}}<\/script><div class=\"wpfd-content wpfd-content-table wpfd-content-multi colstyle\" data-category=\"35\"              style=\"background-color: transparent;\"><input type=\"hidden\" id=\"current_category_35\" value=\"35\" \/>                    <input type=\"hidden\" id=\"current_category_slug_35\" value=\"plan-estrategico-de-la-institcucion\" \/>                    <input type=\"hidden\" id=\"current_ordering_35\" value=\"ordering\" \/>                    <input type=\"hidden\" id=\"current_ordering_direction_35\" value=\"asc\" \/>                    <input type=\"hidden\" id=\"page_limit_35\" value=\"20\" \/><input type=\"hidden\" id=\"wpfd_display_empty_category_message\" value=\"0\" \/><input type=\"hidden\" id=\"wpfd_empty_category_message_val\" value=\"Durante este mes no se realiz\u00f3 ning\u00fan proceso bajo esta modalidad.\" \/><input type=\"hidden\" id=\"wpfd_display_empty_folder\" value=\"1\" \/><input type=\"hidden\" id=\"wpfd_is_empty_subcategories\" value=\"1\" \/><input type=\"hidden\" id=\"wpfd_is_empty_files\" value=\"1\" \/><input type=\"hidden\" id=\"wpfd_root_category_id\" class=\"wpfd_root_category_id\" value=\"35\" \/><input type=\"hidden\" id=\"wpfd_root_category_theme\" class=\"wpfd_root_category_theme\" value=\"table\" \/><input type=\"hidden\" id=\"wpfd_root_category_clone_theme_type\" class=\"wpfd_root_category_clone_theme_type\" value=\"none\" \/><input type=\"hidden\" id=\"wpfd_root_category_type\" class=\"wpfd_root_category_type\" value=\"35\" \/><ul class=\"breadcrumbs wpfd-breadcrumbs-table head-category-table\">                            <li class=\"active\">Plan Estrat\u00e9gico de la Institcuci\u00f3n<\/li>                        <\/ul><div class=\"wpfd-container show_category_title show_breadcrumb show_subcategories\">        <div class=\"wpfd-open-tree\"><\/div>    <div class=\"wpfd-container-table  \">        <div class=\"wpfd-categories \"><h2 class=\"wpfd-category-theme-title\">Plan Estrat\u00e9gico de la Institcuci\u00f3n<\/h2><div class=\"wpfd-category-desc\"><\/div><a class=\"wpfdcategory catlink\" style=\"margin : 10px 10px 10px 10px;\" href=\"#\"                                   data-idcat=\"36\"                                   title=\"Planificaci\u00f3n Estrat\u00e9gica de la Instituci\u00f3n\">                                    <span>Planificaci\u00f3n Estrat\u00e9gica de la Instituci\u00f3n<\/span>                                    <i class=\"zmdi zmdi-folder wpfd-folder\" style=\"color: #ffad46\"><\/i>                                <\/a><a class=\"wpfdcategory catlink\" style=\"margin : 10px 10px 10px 10px;\" href=\"#\"                                   data-idcat=\"37\"                                   title=\"Plan Operativo Anual (POA)\">                                    <span>Plan Operativo Anual (POA)<\/span>                                    <i class=\"zmdi zmdi-folder wpfd-folder\" style=\"color: #ffad46\"><\/i>                                <\/a><a class=\"wpfdcategory catlink\" style=\"margin : 10px 10px 10px 10px;\" href=\"#\"                                   data-idcat=\"38\"                                   title=\"Memorias institucionales\">                                    <span>Memorias institucionales<\/span>                                    <i class=\"zmdi zmdi-folder wpfd-folder\" style=\"color: #ffad46\"><\/i>                                <\/a><div class=\"wpfdcategory_placeholder\" style=\"margin : 0 10px 0 10px;\"><\/div><div class=\"wpfdcategory_placeholder\" style=\"margin : 0 10px 0 10px;\"><\/div><div class=\"wpfdcategory_placeholder\" style=\"margin : 0 10px 0 10px;\"><\/div><input type=\"hidden\" id=\"wpfd_subcategories_hover_color\" class=\"wpfd_subcategories_hover_color\" value=\"\" \/><\/div>        <table class=\"wpfd-search-result wpfd-table wpfd-table-bordered wpfd-table-striped wpfd-table-0 mediaTable wpfd-theme-rows\">            <thead>                <tr>                    <th class=\"essential persist file_title\">T\u00edtulo<\/th><th class=\"optional file_desc\">Descripci\u00f3n<\/th><th class=\"optional file_version\">Versi\u00f3n<\/th><th class=\"optional file_size\">Tama\u00f1o<\/th><th class=\"optional file_hits\">Visto<\/th><th class=\"optional file_created\">Agregado<\/th><th class=\"essential file_download file_download_tbl\">Descargar<\/th>                <\/tr>            <\/thead>            <tbody>                                            <tr class=\"file pdf\" data-id=\"31683\"                    data-catid=\"35\">                                        <input type=\"hidden\" class=\"wpfd_file_preview_link_download\" value=\"http:\/\/transp.eted.gov.do\/transparencia\/download\/35\/plan-estrategico-de-la-institcucion\/31683\/plan-estrategico-institucional-pei-2025-2028.pdf\"                           data-filetitle=\"Plan Estrat\u00e9gico Institucional (PEI) 2025-2028\" data-fileicons=\"ext ext-pdf wpfd-icon-set-svg\" \/>                    <td class=\"file_title\"><a class=\"wpfd_downloadlink\" href=\"http:\/\/transp.eted.gov.do\/transparencia\/download\/35\/plan-estrategico-de-la-institcucion\/31683\/plan-estrategico-institucional-pei-2025-2028.pdf\"  title=\"Plan Estrat\u00e9gico Institucional (PEI) 2025-2028\" target=\"\"><span class=\"extcol\"><span class=\"ext ext-pdf wpfd-icon-set-svg\"><\/span><\/span><span class=\"wpfd-file-crop-title\">Plan Estrat\u00e9gico Institucional (PEI) 2025-2028<\/span><\/a><\/td><td class=\"file_desc\"><\/td><td class=\"file_version\"><\/td><td class=\"file_size\">28.04 MB<\/td><td class=\"file_hits\">251<\/td><td class=\"file_created\">17-10-2025<\/td>                                            <td class=\"file_download_tbl col-download\">                            <a class=\"downloadlink wpfd_downloadlink\"  href=\"http:\/\/transp.eted.gov.do\/transparencia\/download\/35\/plan-estrategico-de-la-institcucion\/31683\/plan-estrategico-institucional-pei-2025-2028.pdf\"  style=\"background-color:#76bc58;color:#ffffff;\" target=\"\">Descargar<i class=\"zmdi zmdi-cloud-download wpfd-download\"><\/i><\/a><a class=\"openlink wpfdlightbox wpfd_previewlink\" href=\"http:\/\/transp.eted.gov.do\/transparencia\/wp-admin\/admin-ajax.php?juwpfisadmin=false&#038;action=wpfd&#038;task=file.download&#038;wpfd_category_id=35&#038;wpfd_file_id=31683&#038;token=&#038;preview=1\"  target=\"\">Preview                            <i class=\"zmdi zmdi-filter-center-focus wpfd-preview\"><\/i>                        <\/a>                        <\/td>                                    <\/tr>                                        <\/tbody>        <\/table>            <\/div><\/div><\/div><\/div>\t\t\t\t<\/div>\n\t\t\t\t<\/div>\n\t\t\t\t\t<\/div>\n\t\t\t\t<\/div>\n\t\t\t\t<\/div>\n\t\t","protected":false},"excerpt":{"rendered":"<p>Plan Estrat\u00e9gico de la Institcuci\u00f3n Plan Estrat\u00e9gico de la Institcuci\u00f3n Planificaci\u00f3n Estrat\u00e9gica de la Instituci\u00f3n Plan Operativo Anual (POA) Memorias institucionales T\u00edtulo Descripci\u00f3n Versi\u00f3n Tama\u00f1o Visto Agregado Descargar<\/p>\n","protected":false},"author":1,"featured_media":0,"parent":0,"menu_order":0,"comment_status":"closed","ping_status":"closed","template":"","meta":{"site-sidebar-layout":"no-sidebar","site-content-layout":"page-builder","ast-site-content-layout":"full-width-container","site-content-style":"default","site-sidebar-style":"default","ast-global-header-display":"","ast-banner-title-visibility":"","ast-main-header-display":"","ast-hfb-above-header-display":"","ast-hfb-below-header-display":"","ast-hfb-mobile-header-display":"","site-post-title":"disabled","ast-breadcrumbs-content":"","ast-featured-img":"disabled","footer-sml-layout":"","theme-transparent-header-meta":"","adv-header-id-meta":"","stick-header-meta":"","header-above-stick-meta":"","header-main-stick-meta":"","header-below-stick-meta":"","astra-migrate-meta-layouts":"set","ast-page-background-enabled":"default","ast-page-background-meta":{"desktop":{"background-color":"var(--ast-global-color-4)","background-image":"","background-repeat":"repeat","background-position":"center center","background-size":"auto","background-attachment":"scroll","background-type":"","background-media":"","overlay-type":"","overlay-color":"","overlay-opacity":"","overlay-gradient":""},"tablet":{"background-color":"","background-image":"","background-repeat":"repeat","background-position":"center center","background-size":"auto","background-attachment":"scroll","background-type":"","background-media":"","overlay-type":"","overlay-color":"","overlay-opacity":"","overlay-gradient":""},"mobile":{"background-color":"","background-image":"","background-repeat":"repeat","background-position":"center center","background-size":"auto","background-attachment":"scroll","background-type":"","background-media":"","overlay-type":"","overlay-color":"","overlay-opacity":"","overlay-gradient":""}},"ast-content-background-meta":{"desktop":{"background-color":"var(--ast-global-color-5)","background-image":"","background-repeat":"repeat","background-position":"center center","background-size":"auto","background-attachment":"scroll","background-type":"","background-media":"","overlay-type":"","overlay-color":"","overlay-opacity":"","overlay-gradient":""},"tablet":{"background-color":"var(--ast-global-color-5)","background-image":"","background-repeat":"repeat","background-position":"center center","background-size":"auto","background-attachment":"scroll","background-type":"","background-media":"","overlay-type":"","overlay-color":"","overlay-opacity":"","overlay-gradient":""},"mobile":{"background-color":"var(--ast-global-color-5)","background-image":"","background-repeat":"repeat","background-position":"center center","background-size":"auto","background-attachment":"scroll","background-type":"","background-media":"","overlay-type":"","overlay-color":"","overlay-opacity":"","overlay-gradient":""}},"footnotes":""},"class_list":["post-1728","page","type-page","status-publish","hentry"],"_links":{"self":[{"href":"http:\/\/transp.eted.gov.do\/transparencia\/wp-json\/wp\/v2\/pages\/1728","targetHints":{"allow":["GET"]}}],"collection":[{"href":"http:\/\/transp.eted.gov.do\/transparencia\/wp-json\/wp\/v2\/pages"}],"about":[{"href":"http:\/\/transp.eted.gov.do\/transparencia\/wp-json\/wp\/v2\/types\/page"}],"author":[{"embeddable":true,"href":"http:\/\/transp.eted.gov.do\/transparencia\/wp-json\/wp\/v2\/users\/1"}],"replies":[{"embeddable":true,"href":"http:\/\/transp.eted.gov.do\/transparencia\/wp-json\/wp\/v2\/comments?post=1728"}],"version-history":[{"count":3,"href":"http:\/\/transp.eted.gov.do\/transparencia\/wp-json\/wp\/v2\/pages\/1728\/revisions"}],"predecessor-version":[{"id":11572,"href":"http:\/\/transp.eted.gov.do\/transparencia\/wp-json\/wp\/v2\/pages\/1728\/revisions\/11572"}],"wp:attachment":[{"href":"http:\/\/transp.eted.gov.do\/transparencia\/wp-json\/wp\/v2\/media?parent=1728"}],"curies":[{"name":"wp","href":"https:\/\/api.w.org\/{rel}","templated":true}]}}