{"id":1317,"date":"2025-01-13T10:54:37","date_gmt":"2025-01-13T14:54:37","guid":{"rendered":"http:\/\/52.197.181.88:8081\/transparencia\/?page_id=1317"},"modified":"2025-01-15T14:24:51","modified_gmt":"2025-01-15T18:24:51","slug":"home","status":"publish","type":"page","link":"http:\/\/transp.eted.gov.do\/transparencia\/","title":{"rendered":"Home"},"content":{"rendered":"\t\t<div data-elementor-type=\"wp-page\" data-elementor-id=\"1317\" class=\"elementor elementor-1317\" data-elementor-post-type=\"page\">\n\t\t\t\t<div data-particle_enable=\"false\" data-particle-mobile-disabled=\"false\" class=\"elementor-element elementor-element-5aca27a e-flex e-con-boxed e-con e-parent\" data-id=\"5aca27a\" data-element_type=\"container\">\n\t\t\t\t\t<div class=\"e-con-inner\">\n\t\t\t\t\t<\/div>\n\t\t\t\t<\/div>\n\t\t<div data-particle_enable=\"false\" data-particle-mobile-disabled=\"false\" class=\"elementor-element elementor-element-89a47ac e-flex e-con-boxed e-con e-parent\" data-id=\"89a47ac\" data-element_type=\"container\">\n\t\t\t\t\t<div class=\"e-con-inner\">\n\t\t\t\t<div class=\"elementor-element elementor-element-92a437e elementor-widget elementor-widget-heading\" data-id=\"92a437e\" data-element_type=\"widget\" data-widget_type=\"heading.default\">\n\t\t\t\t<div class=\"elementor-widget-container\">\n\t\t\t\t\t<h2 class=\"elementor-heading-title elementor-size-default\">BIENVENIDOS AL PORTAL DE TRANSPARENCIA DE LA EMPRESA DE TRANSMISI\u00d3N EL\u00c9CTRICA DOMINICANA<\/h2>\t\t\t\t<\/div>\n\t\t\t\t<\/div>\n\t\t\t\t<div class=\"elementor-element elementor-element-1c29b28 elementor-widget-divider--view-line elementor-widget elementor-widget-divider\" data-id=\"1c29b28\" data-element_type=\"widget\" data-widget_type=\"divider.default\">\n\t\t\t\t<div class=\"elementor-widget-container\">\n\t\t\t\t\t\t\t<div class=\"elementor-divider\">\n\t\t\t<span class=\"elementor-divider-separator\">\n\t\t\t\t\t\t<\/span>\n\t\t<\/div>\n\t\t\t\t\t\t<\/div>\n\t\t\t\t<\/div>\n\t\t\t\t\t<\/div>\n\t\t\t\t<\/div>\n\t\t<div data-particle_enable=\"false\" data-particle-mobile-disabled=\"false\" class=\"elementor-element elementor-element-24b739b e-flex e-con-boxed e-con e-parent\" data-id=\"24b739b\" data-element_type=\"container\">\n\t\t\t\t\t<div class=\"e-con-inner\">\n\t\t\t\t<div class=\"elementor-element elementor-element-4ccd741 elementor-widget elementor-widget-text-editor\" data-id=\"4ccd741\" data-element_type=\"widget\" data-widget_type=\"text-editor.default\">\n\t\t\t\t<div class=\"elementor-widget-container\">\n\t\t\t\t\t\t\t\t\t<div><div id=\"slide\" style=\"text-align: justify;\"><span style=\"color: #000000;\">Acceso a la Informaci\u00f3n P\u00fablica es una instancia necesaria para la participaci\u00f3n ciudadana y la protecci\u00f3n de los derechos civiles, dado que sin informaci\u00f3n adecuada, oportuna y veraz, la sociedad dif\u00edcilmente se encuentre en condiciones \u00f3ptimas para participar en la toma de decisiones p\u00fablicas. Como consecuencia, ha surgido la necesidad de utilizarla de manera racional y productiva en beneficio del individuo y de la comunidad, por lo que nuestra Carta Magna lo ha establecido como una garant\u00eda individual, mientras que la legislaci\u00f3n secundaria ha incorporado reglas que buscan garantizar el ejercicio efectivo de este derecho.<\/span><\/div><p>\u00a0<\/p><div><p style=\"text-align: justify;\"><span style=\"color: #000000;\">El derecho a la Informaci\u00f3n, actualmente se encuentra consignado en la Ley General de Libre Acceso a la Informaci\u00f3n P\u00fablica No. 200-04, la cual toma en cuenta aspectos tales como la naturaleza de la informaci\u00f3n proporcionada; fijaci\u00f3n de plazos para la entrega de informaci\u00f3n; v\u00edas administrativas y jurisdiccionales para actuar frente a la denegatoria o inconformidad con la informaci\u00f3n suministrada; imposici\u00f3n de sanciones ante el incumplimiento de la normativa; etc.<\/span><\/p><p>\u00a0<\/p><p style=\"text-align: justify;\"><span style=\"color: #000000;\">La Empresa de Transmisi\u00f3n El\u00e9ctrica Dominicana (ETED) ha creado su portal de Transparencia con el prop\u00f3sito, no s\u00f3lo por dar el debido cumplimiento a las previsiones de la Ley General de Libre Acceso a la Informaci\u00f3n P\u00fablica No. 200-04, sino tambi\u00e9n con el inter\u00e9s de salvaguardar el derecho a la informaci\u00f3n y el libre acceso a la misma que ha sido universalmente reconocido a toda persona. Dicha Ley, tiene como objetivo fortalecer la democratizaci\u00f3n del pa\u00eds, as\u00ed como establecer una relaci\u00f3n entre el gobierno y la sociedad basada en la rendici\u00f3n de cuentas. D\u00e1ndole consecuci\u00f3n a estos mandatos y para afirmar el compromiso de Transparencia en su gesti\u00f3n, ETED, aparte de tener en su portal web las informaciones exigidas por Ley, ha dispuesto la creaci\u00f3n de una Oficina de Acceso a la Informaci\u00f3n P\u00fablica, de tal forma en que se le de el debido seguimiento a las solicitudes hechas por los Ciudadanos Dominicanos.<\/span><\/p><\/div><\/div>\t\t\t\t\t\t\t\t<\/div>\n\t\t\t\t<\/div>\n\t\t\t\t\t<\/div>\n\t\t\t\t<\/div>\n\t\t\t\t<\/div>\n\t\t","protected":false},"excerpt":{"rendered":"<p>BIENVENIDOS AL PORTAL DE TRANSPARENCIA DE LA EMPRESA DE TRANSMISI\u00d3N EL\u00c9CTRICA DOMINICANA Acceso a la Informaci\u00f3n P\u00fablica es una instancia necesaria para la participaci\u00f3n ciudadana y la protecci\u00f3n de los derechos civiles, dado que sin informaci\u00f3n adecuada, oportuna y veraz, la sociedad dif\u00edcilmente se encuentre en condiciones \u00f3ptimas para participar en la toma de decisiones [&hellip;]<\/p>\n","protected":false},"author":1,"featured_media":0,"parent":0,"menu_order":0,"comment_status":"closed","ping_status":"closed","template":"","meta":{"site-sidebar-layout":"no-sidebar","site-content-layout":"page-builder","ast-site-content-layout":"default","site-content-style":"default","site-sidebar-style":"default","ast-global-header-display":"","ast-banner-title-visibility":"","ast-main-header-display":"","ast-hfb-above-header-display":"","ast-hfb-below-header-display":"","ast-hfb-mobile-header-display":"","site-post-title":"disabled","ast-breadcrumbs-content":"","ast-featured-img":"disabled","footer-sml-layout":"","theme-transparent-header-meta":"enabled","adv-header-id-meta":"","stick-header-meta":"","header-above-stick-meta":"","header-main-stick-meta":"","header-below-stick-meta":"","astra-migrate-meta-layouts":"default","ast-page-background-enabled":"default","ast-page-background-meta":{"desktop":{"background-color":"var(--ast-global-color-4)","background-image":"","background-repeat":"repeat","background-position":"center center","background-size":"auto","background-attachment":"scroll","background-type":"","background-media":"","overlay-type":"","overlay-color":"","overlay-opacity":"","overlay-gradient":""},"tablet":{"background-color":"","background-image":"","background-repeat":"repeat","background-position":"center center","background-size":"auto","background-attachment":"scroll","background-type":"","background-media":"","overlay-type":"","overlay-color":"","overlay-opacity":"","overlay-gradient":""},"mobile":{"background-color":"","background-image":"","background-repeat":"repeat","background-position":"center center","background-size":"auto","background-attachment":"scroll","background-type":"","background-media":"","overlay-type":"","overlay-color":"","overlay-opacity":"","overlay-gradient":""}},"ast-content-background-meta":{"desktop":{"background-color":"var(--ast-global-color-5)","background-image":"","background-repeat":"repeat","background-position":"center center","background-size":"auto","background-attachment":"scroll","background-type":"","background-media":"","overlay-type":"","overlay-color":"","overlay-opacity":"","overlay-gradient":""},"tablet":{"background-color":"var(--ast-global-color-5)","background-image":"","background-repeat":"repeat","background-position":"center center","background-size":"auto","background-attachment":"scroll","background-type":"","background-media":"","overlay-type":"","overlay-color":"","overlay-opacity":"","overlay-gradient":""},"mobile":{"background-color":"var(--ast-global-color-5)","background-image":"","background-repeat":"repeat","background-position":"center center","background-size":"auto","background-attachment":"scroll","background-type":"","background-media":"","overlay-type":"","overlay-color":"","overlay-opacity":"","overlay-gradient":""}},"footnotes":""},"class_list":["post-1317","page","type-page","status-publish","hentry"],"_links":{"self":[{"href":"http:\/\/transp.eted.gov.do\/transparencia\/wp-json\/wp\/v2\/pages\/1317","targetHints":{"allow":["GET"]}}],"collection":[{"href":"http:\/\/transp.eted.gov.do\/transparencia\/wp-json\/wp\/v2\/pages"}],"about":[{"href":"http:\/\/transp.eted.gov.do\/transparencia\/wp-json\/wp\/v2\/types\/page"}],"author":[{"embeddable":true,"href":"http:\/\/transp.eted.gov.do\/transparencia\/wp-json\/wp\/v2\/users\/1"}],"replies":[{"embeddable":true,"href":"http:\/\/transp.eted.gov.do\/transparencia\/wp-json\/wp\/v2\/comments?post=1317"}],"version-history":[{"count":0,"href":"http:\/\/transp.eted.gov.do\/transparencia\/wp-json\/wp\/v2\/pages\/1317\/revisions"}],"wp:attachment":[{"href":"http:\/\/transp.eted.gov.do\/transparencia\/wp-json\/wp\/v2\/media?parent=1317"}],"curies":[{"name":"wp","href":"https:\/\/api.w.org\/{rel}","templated":true}]}}