{"id":11532,"date":"2025-09-10T10:46:18","date_gmt":"2025-09-10T14:46:18","guid":{"rendered":"https:\/\/eted.gob.do\/transparencia\/?page_id=11532"},"modified":"2025-09-10T10:46:18","modified_gmt":"2025-09-10T14:46:18","slug":"enlace-portal-saip","status":"publish","type":"page","link":"http:\/\/transp.eted.gov.do\/transparencia\/enlace-portal-saip\/","title":{"rendered":"Enlace portal SAIP"},"content":{"rendered":"\n<figure class=\"wp-block-image aligncenter size-full is-resized\"><img fetchpriority=\"high\" decoding=\"async\" width=\"442\" height=\"114\" src=\"https:\/\/eted.gob.do\/transparencia\/wp-content\/uploads\/2025\/09\/transparencia-saip-logo.png\" alt=\"\" class=\"wp-image-11534\" style=\"width:526px;height:auto\" srcset=\"http:\/\/transp.eted.gov.do\/transparencia\/wp-content\/uploads\/2025\/09\/transparencia-saip-logo.png 442w, http:\/\/transp.eted.gov.do\/transparencia\/wp-content\/uploads\/2025\/09\/transparencia-saip-logo-300x77.png 300w\" sizes=\"(max-width: 442px) 100vw, 442px\" \/><\/figure>\n\n\n\n<p class=\"has-text-align-left\">A trav\u00e9s de este sistema los ciudadanos pueden realizar sus solicitudes de acceso a la informaci\u00f3n p\u00fablica de forma f\u00e1cil, \u00e1gil y desde cualquier punto de la geograf\u00eda nacional o mundial, salvando con esto los costos de traslado, y acercando por ende el Estado a la sociedad a trav\u00e9s del uso intensivo de las tecnolog\u00edas de la informaci\u00f3n y comunicaci\u00f3n, facilitando el control social, la transparencia, la participaci\u00f3n y colaboraci\u00f3n ciudadanas.<\/p>\n\n\n\n<div style=\"height:117px\" aria-hidden=\"true\" class=\"wp-block-spacer\"><\/div>\n\n\n\n<p><\/p>\n\n\n\n<div class=\"wp-block-buttons is-content-justification-center is-layout-flex wp-container-core-buttons-is-layout-a89b3969 wp-block-buttons-is-layout-flex\">\n<div class=\"wp-block-button\"><a class=\"wp-block-button__link has-white-color has-ast-global-color-0-background-color has-text-color has-background has-link-color has-custom-font-size wp-element-button\" href=\"https:\/\/saip.gob.do\/apps\/sip\/?step=one\" style=\"font-size:15px;font-style:normal;font-weight:700\">Formulario de Solicitud de Informaci\u00f3n<\/a><\/div>\n<\/div>\n\n\n\n<p><\/p>\n","protected":false},"excerpt":{"rendered":"<p>A trav\u00e9s de este sistema los ciudadanos pueden realizar sus solicitudes de acceso a la informaci\u00f3n p\u00fablica de forma f\u00e1cil, \u00e1gil y desde cualquier punto de la geograf\u00eda nacional o mundial, salvando con esto los costos de traslado, y acercando por ende el Estado a la sociedad a trav\u00e9s del uso intensivo de las tecnolog\u00edas [&hellip;]<\/p>\n","protected":false},"author":1,"featured_media":0,"parent":0,"menu_order":0,"comment_status":"closed","ping_status":"closed","template":"","meta":{"site-sidebar-layout":"default","site-content-layout":"","ast-site-content-layout":"default","site-content-style":"default","site-sidebar-style":"default","ast-global-header-display":"","ast-banner-title-visibility":"","ast-main-header-display":"","ast-hfb-above-header-display":"","ast-hfb-below-header-display":"","ast-hfb-mobile-header-display":"","site-post-title":"","ast-breadcrumbs-content":"","ast-featured-img":"","footer-sml-layout":"","theme-transparent-header-meta":"","adv-header-id-meta":"","stick-header-meta":"","header-above-stick-meta":"","header-main-stick-meta":"","header-below-stick-meta":"","astra-migrate-meta-layouts":"set","ast-page-background-enabled":"default","ast-page-background-meta":{"desktop":{"background-color":"var(--ast-global-color-4)","background-image":"","background-repeat":"repeat","background-position":"center center","background-size":"auto","background-attachment":"scroll","background-type":"","background-media":"","overlay-type":"","overlay-color":"","overlay-opacity":"","overlay-gradient":""},"tablet":{"background-color":"","background-image":"","background-repeat":"repeat","background-position":"center center","background-size":"auto","background-attachment":"scroll","background-type":"","background-media":"","overlay-type":"","overlay-color":"","overlay-opacity":"","overlay-gradient":""},"mobile":{"background-color":"","background-image":"","background-repeat":"repeat","background-position":"center center","background-size":"auto","background-attachment":"scroll","background-type":"","background-media":"","overlay-type":"","overlay-color":"","overlay-opacity":"","overlay-gradient":""}},"ast-content-background-meta":{"desktop":{"background-color":"var(--ast-global-color-5)","background-image":"","background-repeat":"repeat","background-position":"center center","background-size":"auto","background-attachment":"scroll","background-type":"","background-media":"","overlay-type":"","overlay-color":"","overlay-opacity":"","overlay-gradient":""},"tablet":{"background-color":"var(--ast-global-color-5)","background-image":"","background-repeat":"repeat","background-position":"center center","background-size":"auto","background-attachment":"scroll","background-type":"","background-media":"","overlay-type":"","overlay-color":"","overlay-opacity":"","overlay-gradient":""},"mobile":{"background-color":"var(--ast-global-color-5)","background-image":"","background-repeat":"repeat","background-position":"center center","background-size":"auto","background-attachment":"scroll","background-type":"","background-media":"","overlay-type":"","overlay-color":"","overlay-opacity":"","overlay-gradient":""}},"footnotes":""},"class_list":["post-11532","page","type-page","status-publish","hentry"],"_links":{"self":[{"href":"http:\/\/transp.eted.gov.do\/transparencia\/wp-json\/wp\/v2\/pages\/11532","targetHints":{"allow":["GET"]}}],"collection":[{"href":"http:\/\/transp.eted.gov.do\/transparencia\/wp-json\/wp\/v2\/pages"}],"about":[{"href":"http:\/\/transp.eted.gov.do\/transparencia\/wp-json\/wp\/v2\/types\/page"}],"author":[{"embeddable":true,"href":"http:\/\/transp.eted.gov.do\/transparencia\/wp-json\/wp\/v2\/users\/1"}],"replies":[{"embeddable":true,"href":"http:\/\/transp.eted.gov.do\/transparencia\/wp-json\/wp\/v2\/comments?post=11532"}],"version-history":[{"count":1,"href":"http:\/\/transp.eted.gov.do\/transparencia\/wp-json\/wp\/v2\/pages\/11532\/revisions"}],"predecessor-version":[{"id":11535,"href":"http:\/\/transp.eted.gov.do\/transparencia\/wp-json\/wp\/v2\/pages\/11532\/revisions\/11535"}],"wp:attachment":[{"href":"http:\/\/transp.eted.gov.do\/transparencia\/wp-json\/wp\/v2\/media?parent=11532"}],"curies":[{"name":"wp","href":"https:\/\/api.w.org\/{rel}","templated":true}]}}